{"id":17848,"date":"2026-01-02T12:20:06","date_gmt":"2026-01-02T11:20:06","guid":{"rendered":"https:\/\/www.cub-ar.com\/produit\/jirair-fauve-brune-180-x-180-x-35-mm\/"},"modified":"2026-01-02T12:20:06","modified_gmt":"2026-01-02T11:20:06","slug":"jirair-fauve-brune-180-x-180-x-35-mm","status":"publish","type":"product","link":"https:\/\/www.cub-ar.com\/en\/produit\/jirair-fauve-brune-180-x-180-x-35-mm\/","title":{"rendered":"Jira\u00efr Fauve brune 180 x 180 x 35 mm"},"content":{"rendered":"<p>Cendrier pour deux cigares. Sa dimension et son syst\u00e8me d\u2019encoches d\u00e9cal\u00e9es en font un mod\u00e8le des plus agr\u00e9ables pour la table.<br \/>\nExiste en 2 dimensions :<br \/>\n140 x 140 x 35 mm<br \/>\n180 x 180 x 35 mm<\/p>\n","protected":false},"excerpt":{"rendered":"<p>Cendrier \u00e0 cigares<\/p>\n","protected":false},"featured_media":0,"template":"","meta":{"_seopress_robots_primary_cat":"","_seopress_titles_title":"","_seopress_titles_desc":"","_seopress_robots_index":""},"product_brand":[],"product_cat":[15],"product_tag":[],"class_list":{"0":"post-17848","1":"product","2":"type-product","3":"status-publish","5":"product_cat-non-classe","7":"entry","9":"first","10":"outofstock","11":"taxable","12":"shipping-taxable","13":"product-type-simple","14":"has-product-nav","15":"col","16":"span_1_of_4","17":"owp-content-center","18":"item-entry","19":"owp-thumbs-layout-horizontal","20":"owp-btn-normal","21":"owp-tabs-layout-horizontal","22":"has-no-thumbnails"},"_links":{"self":[{"href":"https:\/\/www.cub-ar.com\/en\/wp-json\/wp\/v2\/product\/17848","targetHints":{"allow":["GET"]}}],"collection":[{"href":"https:\/\/www.cub-ar.com\/en\/wp-json\/wp\/v2\/product"}],"about":[{"href":"https:\/\/www.cub-ar.com\/en\/wp-json\/wp\/v2\/types\/product"}],"wp:attachment":[{"href":"https:\/\/www.cub-ar.com\/en\/wp-json\/wp\/v2\/media?parent=17848"}],"wp:term":[{"taxonomy":"product_brand","embeddable":true,"href":"https:\/\/www.cub-ar.com\/en\/wp-json\/wp\/v2\/product_brand?post=17848"},{"taxonomy":"product_cat","embeddable":true,"href":"https:\/\/www.cub-ar.com\/en\/wp-json\/wp\/v2\/product_cat?post=17848"},{"taxonomy":"product_tag","embeddable":true,"href":"https:\/\/www.cub-ar.com\/en\/wp-json\/wp\/v2\/product_tag?post=17848"}],"curies":[{"name":"wp","href":"https:\/\/api.w.org\/{rel}","templated":true}]}}