{"id":5998,"date":"2015-06-15T00:00:00","date_gmt":"2015-06-15T00:00:00","guid":{"rendered":"https:\/\/wp.starboost.biz\/\/\/boutique\/non-classe\/gatil-le-collier-2\/"},"modified":"2015-02-10T13:37:35","modified_gmt":"2015-02-10T13:37:35","slug":"gatil-le-collier-2","status":"publish","type":"product","link":"https:\/\/www.cub-ar.com\/en\/produit\/gatil-le-collier-2\/","title":{"rendered":"Gatil :  The Necklace"},"content":{"rendered":"<p> La goutte est en obsidienne.<br \/>\nLa b\u00e9li\u00e8re et la cha\u00eene sont en or 750\/1000 (18 carats)<\/p>\n<p><\/p>\n<p class=\"label_matiere\">Measurements :<\/p>\n<p>drop : 54mm tall<br \/>\nchain : longueur 45cm.<\/p>\n","protected":false},"excerpt":{"rendered":"<p>La goutte est en obsidienne. La b\u00e9li\u00e8re et la cha\u00eene sont en or 750\/1000 (18 carats) Measurements : drop : 54mm tall chain : longueur 45cm.<\/p>\n","protected":false},"featured_media":3285,"template":"","meta":{"_seopress_robots_primary_cat":"","_seopress_titles_title":"","_seopress_titles_desc":"","_seopress_robots_index":""},"product_brand":[],"product_cat":[3116],"product_tag":[],"class_list":{"0":"post-5998","1":"product","2":"type-product","3":"status-publish","4":"has-post-thumbnail","6":"product_cat-jewels","7":"product_shipping_class-delivery","8":"yith_product_brand-m-cluzel-s-bascou-en","10":"entry","11":"has-media","13":"first","14":"instock","15":"taxable","16":"shipping-taxable","17":"purchasable","18":"product-type-simple","19":"has-product-nav","20":"col","21":"span_1_of_4","22":"owp-content-center","23":"item-entry","24":"owp-thumbs-layout-horizontal","25":"owp-btn-normal","26":"owp-tabs-layout-horizontal"},"_links":{"self":[{"href":"https:\/\/www.cub-ar.com\/en\/wp-json\/wp\/v2\/product\/5998","targetHints":{"allow":["GET"]}}],"collection":[{"href":"https:\/\/www.cub-ar.com\/en\/wp-json\/wp\/v2\/product"}],"about":[{"href":"https:\/\/www.cub-ar.com\/en\/wp-json\/wp\/v2\/types\/product"}],"wp:featuredmedia":[{"embeddable":true,"href":"https:\/\/www.cub-ar.com\/en\/wp-json\/wp\/v2\/media\/3285"}],"wp:attachment":[{"href":"https:\/\/www.cub-ar.com\/en\/wp-json\/wp\/v2\/media?parent=5998"}],"wp:term":[{"taxonomy":"product_brand","embeddable":true,"href":"https:\/\/www.cub-ar.com\/en\/wp-json\/wp\/v2\/product_brand?post=5998"},{"taxonomy":"product_cat","embeddable":true,"href":"https:\/\/www.cub-ar.com\/en\/wp-json\/wp\/v2\/product_cat?post=5998"},{"taxonomy":"product_tag","embeddable":true,"href":"https:\/\/www.cub-ar.com\/en\/wp-json\/wp\/v2\/product_tag?post=5998"}],"curies":[{"name":"wp","href":"https:\/\/api.w.org\/{rel}","templated":true}]}}