{"id":6012,"date":"2015-06-10T02:00:00","date_gmt":"2015-06-10T00:00:00","guid":{"rendered":"https:\/\/wp.starboost.biz\/\/\/boutique\/non-classe\/loucine-le-collier-2\/"},"modified":"2015-02-10T13:37:35","modified_gmt":"2015-02-10T13:37:35","slug":"loucine-le-collier-2","status":"publish","type":"product","link":"https:\/\/www.cub-ar.com\/en\/produit\/loucine-le-collier-2\/","title":{"rendered":"Loucine : The Necklace"},"content":{"rendered":"<p>Les lunes sont en obsidienne d&#8217;Arm\u00e9nie polies \u00e0 la main par des lapidaires.<br \/>\nLa cha\u00eene double et la b\u00e9li\u00e8re sont en argent massif<\/p>\n<p>Comes in two sizes :<br \/>\nmoons : diameter 35 &#038; 60 mm<br \/>\nSilver Chain : 40 &#038; 45 cm<\/p>\n","protected":false},"excerpt":{"rendered":"<p>Les lunes sont en obsidienne d&#8217;Arm\u00e9nie polies \u00e0 la main par des lapidaires. La cha\u00eene double et la b\u00e9li\u00e8re sont en argent massif Comes in two sizes : moons : diameter 35 &#038; 60 mm Silver Chain : 40 &#038; 45 cm<\/p>\n","protected":false},"featured_media":3302,"template":"","meta":{"_seopress_robots_primary_cat":"","_seopress_titles_title":"","_seopress_titles_desc":"","_seopress_robots_index":""},"product_brand":[],"product_cat":[3116],"product_tag":[],"class_list":{"0":"post-6012","1":"product","2":"type-product","3":"status-publish","4":"has-post-thumbnail","6":"product_cat-jewels","7":"product_shipping_class-delivery","8":"yith_product_brand-m-cluzel-s-bascou-en","10":"entry","11":"has-media","13":"first","14":"outofstock","15":"taxable","16":"shipping-taxable","17":"purchasable","18":"product-type-simple","19":"has-product-nav","20":"col","21":"span_1_of_4","22":"owp-content-center","23":"item-entry","24":"owp-thumbs-layout-horizontal","25":"owp-btn-normal","26":"owp-tabs-layout-horizontal","27":"has-no-thumbnails"},"_links":{"self":[{"href":"https:\/\/www.cub-ar.com\/en\/wp-json\/wp\/v2\/product\/6012","targetHints":{"allow":["GET"]}}],"collection":[{"href":"https:\/\/www.cub-ar.com\/en\/wp-json\/wp\/v2\/product"}],"about":[{"href":"https:\/\/www.cub-ar.com\/en\/wp-json\/wp\/v2\/types\/product"}],"wp:featuredmedia":[{"embeddable":true,"href":"https:\/\/www.cub-ar.com\/en\/wp-json\/wp\/v2\/media\/3302"}],"wp:attachment":[{"href":"https:\/\/www.cub-ar.com\/en\/wp-json\/wp\/v2\/media?parent=6012"}],"wp:term":[{"taxonomy":"product_brand","embeddable":true,"href":"https:\/\/www.cub-ar.com\/en\/wp-json\/wp\/v2\/product_brand?post=6012"},{"taxonomy":"product_cat","embeddable":true,"href":"https:\/\/www.cub-ar.com\/en\/wp-json\/wp\/v2\/product_cat?post=6012"},{"taxonomy":"product_tag","embeddable":true,"href":"https:\/\/www.cub-ar.com\/en\/wp-json\/wp\/v2\/product_tag?post=6012"}],"curies":[{"name":"wp","href":"https:\/\/api.w.org\/{rel}","templated":true}]}}