{"id":6053,"date":"2015-05-23T02:00:00","date_gmt":"2015-05-23T00:00:00","guid":{"rendered":"https:\/\/wp.starboost.biz\/\/\/boutique\/non-classe\/hour-le-collier-2\/"},"modified":"2015-02-10T13:37:35","modified_gmt":"2015-02-10T13:37:35","slug":"hour-le-collier-2","status":"publish","type":"product","link":"https:\/\/www.cub-ar.com\/en\/produit\/hour-le-collier-2\/","title":{"rendered":"Hour : The Necklace"},"content":{"rendered":"<p>La lentille est en obsidienne.<br \/>\nLa cha\u00eene double et la b\u00e9li\u00e8re sont en argent massif<\/p>\n<p>Comes in three sizes :<br \/>\nlens : 30 50 et 60 mm across<br \/>\nsilver chain : 40, 45 &#038; 60 cm<\/p>\n","protected":false},"excerpt":{"rendered":"<p>La lentille est en obsidienne. La cha\u00eene double et la b\u00e9li\u00e8re sont en argent massif Comes in three sizes : lens : 30 50 et 60 mm across silver chain : 40, 45 &#038; 60 cm<\/p>\n","protected":false},"featured_media":3323,"template":"","meta":{"_seopress_robots_primary_cat":"","_seopress_titles_title":"","_seopress_titles_desc":"","_seopress_robots_index":""},"product_brand":[],"product_cat":[3116],"product_tag":[],"class_list":{"0":"post-6053","1":"product","2":"type-product","3":"status-publish","4":"has-post-thumbnail","6":"product_cat-jewels","7":"product_shipping_class-delivery","8":"yith_product_brand-m-cluzel-s-bascou-en","10":"entry","11":"has-media","13":"first","14":"outofstock","15":"taxable","16":"shipping-taxable","17":"purchasable","18":"product-type-variable","19":"has-product-nav","20":"col","21":"span_1_of_4","22":"owp-content-center","23":"item-entry","24":"owp-thumbs-layout-horizontal","25":"owp-btn-normal","26":"owp-tabs-layout-horizontal"},"_links":{"self":[{"href":"https:\/\/www.cub-ar.com\/en\/wp-json\/wp\/v2\/product\/6053","targetHints":{"allow":["GET"]}}],"collection":[{"href":"https:\/\/www.cub-ar.com\/en\/wp-json\/wp\/v2\/product"}],"about":[{"href":"https:\/\/www.cub-ar.com\/en\/wp-json\/wp\/v2\/types\/product"}],"wp:featuredmedia":[{"embeddable":true,"href":"https:\/\/www.cub-ar.com\/en\/wp-json\/wp\/v2\/media\/3323"}],"wp:attachment":[{"href":"https:\/\/www.cub-ar.com\/en\/wp-json\/wp\/v2\/media?parent=6053"}],"wp:term":[{"taxonomy":"product_brand","embeddable":true,"href":"https:\/\/www.cub-ar.com\/en\/wp-json\/wp\/v2\/product_brand?post=6053"},{"taxonomy":"product_cat","embeddable":true,"href":"https:\/\/www.cub-ar.com\/en\/wp-json\/wp\/v2\/product_cat?post=6053"},{"taxonomy":"product_tag","embeddable":true,"href":"https:\/\/www.cub-ar.com\/en\/wp-json\/wp\/v2\/product_tag?post=6053"}],"curies":[{"name":"wp","href":"https:\/\/api.w.org\/{rel}","templated":true}]}}