{"id":6128,"date":"2015-04-14T02:00:00","date_gmt":"2015-04-14T00:00:00","guid":{"rendered":"https:\/\/wp.starboost.biz\/\/\/boutique\/product-category\/lumiere\/lampes-de-table\/garinee-2\/"},"modified":"2022-02-25T17:54:04","modified_gmt":"2022-02-25T16:54:04","slug":"garinee-2","status":"publish","type":"product","link":"https:\/\/www.cub-ar.com\/en\/produit\/garinee-2\/","title":{"rendered":"Garin\u00e9e"},"content":{"rendered":"<p>Nombreux choix d&#8217;abat-jour. Nous consulter.<\/p>\n<p> Les abat-jour sont fabriqu\u00e9s \u00e0 la main par <a href=\"http:\/\/www.vdevcreation.com\/\" target=\"_blank\" rel=\"noopener\"><img decoding=\"async\" class=\" size-full wp-image-3474\" src=\"http:\/\/www.cub-ar.com\/\/\/wp-content\/uploads\/2015\/02\/www.cub-ar.com_images_logo_logovdev.gif\" alt=\"VdeV creation\" width=\"47\" height=\"33\" border=\"0\" srcset=\"https:\/\/www.cub-ar.com\/wp-content\/uploads\/2015\/02\/www.cub-ar.com_images_logo_logovdev.gif 143w, https:\/\/www.cub-ar.com\/wp-content\/uploads\/2015\/02\/www.cub-ar.com_images_logo_logovdev-43x30.gif 43w, https:\/\/www.cub-ar.com\/wp-content\/uploads\/2015\/02\/www.cub-ar.com_images_logo_logovdev-86x60.gif 86w\" sizes=\"(max-width: 47px) 100vw, 47px\" \/> <\/p>\n<p> avec des papiers pr\u00e9cieux en satin de soie \u00e9dit\u00e9s par <\/p>\n<p> <\/a><a href=\"http:\/\/www.ulgador.com\/\" target=\"_blank\" rel=\"noopener\"><img decoding=\"async\" class=\" size-full wp-image-3476\" src=\"http:\/\/www.cub-ar.com\/\/\/wp-content\/uploads\/2015\/02\/www.cub-ar.com_images_logo_ulgador.jpg\" alt=\"Ulgad'Or\" width=\"88\" height=\"27\" border=\"0\" srcset=\"https:\/\/www.cub-ar.com\/wp-content\/uploads\/2015\/02\/www.cub-ar.com_images_logo_ulgador.jpg 177w, https:\/\/www.cub-ar.com\/wp-content\/uploads\/2015\/02\/www.cub-ar.com_images_logo_ulgador-97x30.jpg 97w\" sizes=\"(max-width: 88px) 100vw, 88px\" \/> <\/p>\n<p><span class=\"label_matiere\">Dimensions du pied en obsidienne :<\/span><\/a><\/p>\n<p><a href=\"http:\/\/www.ulgador.com\/\" target=\"_blank\" rel=\"noopener\"> 80 x 80 x 250 mm<\/a><\/p>\n","protected":false},"excerpt":{"rendered":"<p>Nombreux choix d&#8217;abat-jour. Nous consulter. Les abat-jour sont fabriqu\u00e9s \u00e0 la main par avec des papiers pr\u00e9cieux en satin de soie \u00e9dit\u00e9s par Dimensions du pied en obsidienne : 80 x 80 x 250 mm<\/p>\n","protected":false},"featured_media":3472,"template":"","meta":{"_seopress_robots_primary_cat":"","_seopress_titles_title":"","_seopress_titles_desc":"","_seopress_robots_index":""},"product_brand":[],"product_cat":[2921],"product_tag":[],"class_list":{"0":"post-6128","1":"product","2":"type-product","3":"status-publish","4":"has-post-thumbnail","6":"product_cat-en-table-lamp","7":"product_shipping_class-delivery","8":"yith_product_brand-michel-der-agobian-en","10":"entry","11":"has-media","13":"first","14":"instock","15":"taxable","16":"shipping-taxable","17":"purchasable","18":"product-type-simple","19":"has-product-nav","20":"col","21":"span_1_of_4","22":"owp-content-center","23":"item-entry","24":"owp-thumbs-layout-horizontal","25":"owp-btn-normal","26":"owp-tabs-layout-horizontal","27":"has-no-thumbnails"},"_links":{"self":[{"href":"https:\/\/www.cub-ar.com\/en\/wp-json\/wp\/v2\/product\/6128","targetHints":{"allow":["GET"]}}],"collection":[{"href":"https:\/\/www.cub-ar.com\/en\/wp-json\/wp\/v2\/product"}],"about":[{"href":"https:\/\/www.cub-ar.com\/en\/wp-json\/wp\/v2\/types\/product"}],"wp:featuredmedia":[{"embeddable":true,"href":"https:\/\/www.cub-ar.com\/en\/wp-json\/wp\/v2\/media\/3472"}],"wp:attachment":[{"href":"https:\/\/www.cub-ar.com\/en\/wp-json\/wp\/v2\/media?parent=6128"}],"wp:term":[{"taxonomy":"product_brand","embeddable":true,"href":"https:\/\/www.cub-ar.com\/en\/wp-json\/wp\/v2\/product_brand?post=6128"},{"taxonomy":"product_cat","embeddable":true,"href":"https:\/\/www.cub-ar.com\/en\/wp-json\/wp\/v2\/product_cat?post=6128"},{"taxonomy":"product_tag","embeddable":true,"href":"https:\/\/www.cub-ar.com\/en\/wp-json\/wp\/v2\/product_tag?post=6128"}],"curies":[{"name":"wp","href":"https:\/\/api.w.org\/{rel}","templated":true}]}}