{"id":6280,"date":"2015-02-10T13:37:36","date_gmt":"2015-02-10T12:37:36","guid":{"rendered":"https:\/\/wp.starboost.biz\/\/\/boutique\/product-category\/bureau\/coupe-papier-presse-papiers\/coupe-papier-kalyan-2\/"},"modified":"2015-02-10T13:37:36","modified_gmt":"2015-02-10T13:37:36","slug":"coupe-papier-kalyan-2","status":"publish","type":"product","link":"https:\/\/www.cub-ar.com\/en\/produit\/coupe-papier-kalyan-2\/","title":{"rendered":"Kalyan"},"content":{"rendered":"<p>Ce coupe-papier de grande finition joue avec la lumi\u00e8re et la transparence de par les diff\u00e9rentes \u00e9paisseurs de l&#8217;obsidienne.<br \/>Plus l&#8217;obsidienne est \u00e9paisse, moins la lumi\u00e8re la traverse jusqu&#8217;\u00e0 obtenir un objet noir mate avec quelques centim\u00e8tres d&#8217;\u00e9paisseur.<br \/>Les z\u00e9brures ajoutent du contraste \u00e0 l&#8217;objet, r\u00e9v\u00e9lant toute la beaut\u00e9 de cette pierre volcanique.<\/p>\n<p><\/p>\n<p>&nbsp;<\/p>\n<p>&nbsp;<\/p>\n<p>&nbsp;<\/p>\n<p class=\"label_matiere\">Dimensions :<br \/><span style=\"color: #333333;\">220 x 28 x 12 mm<\/span><\/p>\n","protected":false},"excerpt":{"rendered":"<p>Ce coupe-papier de grande finition joue avec la lumi\u00e8re et la transparence de par les diff\u00e9rentes \u00e9paisseurs de l&#8217;obsidienne.Plus l&#8217;obsidienne est \u00e9paisse, moins la lumi\u00e8re la traverse jusqu&#8217;\u00e0 obtenir un objet noir mate avec quelques centim\u00e8tres d&#8217;\u00e9paisseur.Les z\u00e9brures ajoutent du contraste \u00e0 l&#8217;objet, r\u00e9v\u00e9lant toute la beaut\u00e9 de cette pierre volcanique. &nbsp; &nbsp; &nbsp; Dimensions [&hellip;]<\/p>\n","protected":false},"featured_media":11031,"template":"","meta":{"_seopress_robots_primary_cat":"","_seopress_titles_title":"","_seopress_titles_desc":"","_seopress_robots_index":""},"product_brand":[],"product_cat":[2938],"product_tag":[],"class_list":{"0":"post-6280","1":"product","2":"type-product","3":"status-publish","4":"has-post-thumbnail","6":"product_cat-en-paper-knife-paper-weight","7":"product_shipping_class-delivery","8":"yith_product_brand-jean-philippe-martin-en","10":"entry","11":"has-media","13":"first","14":"outofstock","15":"taxable","16":"shipping-taxable","17":"purchasable","18":"product-type-variable","19":"has-default-attributes","20":"has-product-nav","21":"col","22":"span_1_of_4","23":"owp-content-center","24":"item-entry","25":"owp-thumbs-layout-horizontal","26":"owp-btn-normal","27":"owp-tabs-layout-horizontal"},"_links":{"self":[{"href":"https:\/\/www.cub-ar.com\/en\/wp-json\/wp\/v2\/product\/6280","targetHints":{"allow":["GET"]}}],"collection":[{"href":"https:\/\/www.cub-ar.com\/en\/wp-json\/wp\/v2\/product"}],"about":[{"href":"https:\/\/www.cub-ar.com\/en\/wp-json\/wp\/v2\/types\/product"}],"wp:featuredmedia":[{"embeddable":true,"href":"https:\/\/www.cub-ar.com\/en\/wp-json\/wp\/v2\/media\/11031"}],"wp:attachment":[{"href":"https:\/\/www.cub-ar.com\/en\/wp-json\/wp\/v2\/media?parent=6280"}],"wp:term":[{"taxonomy":"product_brand","embeddable":true,"href":"https:\/\/www.cub-ar.com\/en\/wp-json\/wp\/v2\/product_brand?post=6280"},{"taxonomy":"product_cat","embeddable":true,"href":"https:\/\/www.cub-ar.com\/en\/wp-json\/wp\/v2\/product_cat?post=6280"},{"taxonomy":"product_tag","embeddable":true,"href":"https:\/\/www.cub-ar.com\/en\/wp-json\/wp\/v2\/product_tag?post=6280"}],"curies":[{"name":"wp","href":"https:\/\/api.w.org\/{rel}","templated":true}]}}