{"id":7247,"date":"2020-09-17T02:00:00","date_gmt":"2020-09-17T00:00:00","guid":{"rendered":"https:\/\/wp.starboost.biz\/\/\/boutique\/uncategorized\/bougeoir-poire-bougeoir-pomme\/"},"modified":"2021-11-18T08:22:09","modified_gmt":"2021-11-18T07:22:09","slug":"bougeoir-poire-bougeoir-pomme","status":"publish","type":"product","link":"https:\/\/www.cub-ar.com\/en\/produit\/bougeoir-poire-bougeoir-pomme\/","title":{"rendered":"Bougeoir &#8220;Poire&#8221;  &#038; Bougeoir &#8220;Pomme&#8221;"},"content":{"rendered":"<p>Pi\u00e8ce d&#8217;obsidienne sculpt\u00e9e et polie,<br \/>tige en bronze dor\u00e9<\/p>\n<p>30 exemplaires<\/p>\n<p>Diam\u00e8tre : 9\/12cm<br \/>Hauteur : 28 \u00e0 38 cm (environ)<\/p>\n","protected":false},"excerpt":{"rendered":"<p>Pi\u00e8ce d&#8217;obsidienne sculpt\u00e9e et polie,tige en bronze dor\u00e9 30 exemplaires Diam\u00e8tre : 9\/12cmHauteur : 28 \u00e0 38 cm (environ)<\/p>\n","protected":false},"featured_media":12238,"template":"","meta":{"_seopress_robots_primary_cat":"","_seopress_titles_title":"","_seopress_titles_desc":"","_seopress_robots_index":""},"product_brand":[],"product_cat":[3125],"product_tag":[],"class_list":{"0":"post-7247","1":"product","2":"type-product","3":"status-publish","4":"has-post-thumbnail","6":"product_cat-the-mirror-dobsidienne-exhibition","7":"product_shipping_class-delivery","8":"yith_product_brand-hubert-le-gall-en-2","10":"entry","11":"has-media","13":"first","14":"outofstock","15":"taxable","16":"shipping-taxable","17":"product-type-simple","18":"has-product-nav","19":"col","20":"span_1_of_4","21":"owp-content-center","22":"item-entry","23":"owp-thumbs-layout-horizontal","24":"owp-btn-normal","25":"owp-tabs-layout-horizontal"},"_links":{"self":[{"href":"https:\/\/www.cub-ar.com\/en\/wp-json\/wp\/v2\/product\/7247","targetHints":{"allow":["GET"]}}],"collection":[{"href":"https:\/\/www.cub-ar.com\/en\/wp-json\/wp\/v2\/product"}],"about":[{"href":"https:\/\/www.cub-ar.com\/en\/wp-json\/wp\/v2\/types\/product"}],"wp:featuredmedia":[{"embeddable":true,"href":"https:\/\/www.cub-ar.com\/en\/wp-json\/wp\/v2\/media\/12238"}],"wp:attachment":[{"href":"https:\/\/www.cub-ar.com\/en\/wp-json\/wp\/v2\/media?parent=7247"}],"wp:term":[{"taxonomy":"product_brand","embeddable":true,"href":"https:\/\/www.cub-ar.com\/en\/wp-json\/wp\/v2\/product_brand?post=7247"},{"taxonomy":"product_cat","embeddable":true,"href":"https:\/\/www.cub-ar.com\/en\/wp-json\/wp\/v2\/product_cat?post=7247"},{"taxonomy":"product_tag","embeddable":true,"href":"https:\/\/www.cub-ar.com\/en\/wp-json\/wp\/v2\/product_tag?post=7247"}],"curies":[{"name":"wp","href":"https:\/\/api.w.org\/{rel}","templated":true}]}}