{"id":7261,"date":"2015-02-10T14:37:36","date_gmt":"2015-02-10T13:37:36","guid":{"rendered":"https:\/\/wp.starboost.biz\/\/\/boutique\/uncategorized\/eh-01\/"},"modified":"2015-02-10T13:37:36","modified_gmt":"2015-02-10T13:37:36","slug":"eh-01","status":"publish","type":"product","link":"https:\/\/www.cub-ar.com\/en\/produit\/eh-01\/","title":{"rendered":"EH 01"},"content":{"rendered":"<p style=\"text-align: justify;\"><span style=\"color: #000000;\">Bouton de&nbsp;meuble en forme de boule. Ce mod\u00e8le est propos\u00e9 en deux dimensions et trois couleurs d&#8217;obsidienne. Le poli de l&#8217;Obsidienne offre une prise en main soyeuse d&#8217;une grande douceur. Cette forme laisse peut passer la lumi\u00e8re \u00e0 travers l&#8217;obsidienne noire, accentuant son myst\u00e8re. L&#8217;obsidienne fauve et acajou devoilent toute la richesse de la pierre et les nuances que les amateurs de beaux int\u00e9rieurs appr\u00e9cieront.<\/p>\n<p><\/span><\/p>\n<p style=\"text-align: justify;\"><span style=\"color: #999999;\">Dimensions :<br \/><\/span>D 40 x 39 mm<\/p>\n","protected":false},"excerpt":{"rendered":"<p>Bouton de&nbsp;meuble en forme de boule. Ce mod\u00e8le est propos\u00e9 en deux dimensions et trois couleurs d&#8217;obsidienne. Le poli de l&#8217;Obsidienne offre une prise en main soyeuse d&#8217;une grande douceur. Cette forme laisse peut passer la lumi\u00e8re \u00e0 travers l&#8217;obsidienne noire, accentuant son myst\u00e8re. L&#8217;obsidienne fauve et acajou devoilent toute la richesse de la pierre [&hellip;]<\/p>\n","protected":false},"featured_media":3678,"template":"","meta":{"_seopress_robots_primary_cat":"","_seopress_titles_title":"","_seopress_titles_desc":"","_seopress_robots_index":""},"product_brand":[],"product_cat":[2910],"product_tag":[],"class_list":{"0":"post-7261","1":"product","2":"type-product","3":"status-publish","4":"has-post-thumbnail","6":"product_cat-en-classic-buttons","7":"product_shipping_class-delivery","8":"yith_product_brand-areg-aivazian-en","10":"entry","11":"has-media","13":"first","14":"instock","15":"taxable","16":"shipping-taxable","17":"purchasable","18":"product-type-variable","19":"has-product-nav","20":"col","21":"span_1_of_4","22":"owp-content-center","23":"item-entry","24":"owp-thumbs-layout-horizontal","25":"owp-btn-normal","26":"owp-tabs-layout-horizontal"},"_links":{"self":[{"href":"https:\/\/www.cub-ar.com\/en\/wp-json\/wp\/v2\/product\/7261","targetHints":{"allow":["GET"]}}],"collection":[{"href":"https:\/\/www.cub-ar.com\/en\/wp-json\/wp\/v2\/product"}],"about":[{"href":"https:\/\/www.cub-ar.com\/en\/wp-json\/wp\/v2\/types\/product"}],"wp:featuredmedia":[{"embeddable":true,"href":"https:\/\/www.cub-ar.com\/en\/wp-json\/wp\/v2\/media\/3678"}],"wp:attachment":[{"href":"https:\/\/www.cub-ar.com\/en\/wp-json\/wp\/v2\/media?parent=7261"}],"wp:term":[{"taxonomy":"product_brand","embeddable":true,"href":"https:\/\/www.cub-ar.com\/en\/wp-json\/wp\/v2\/product_brand?post=7261"},{"taxonomy":"product_cat","embeddable":true,"href":"https:\/\/www.cub-ar.com\/en\/wp-json\/wp\/v2\/product_cat?post=7261"},{"taxonomy":"product_tag","embeddable":true,"href":"https:\/\/www.cub-ar.com\/en\/wp-json\/wp\/v2\/product_tag?post=7261"}],"curies":[{"name":"wp","href":"https:\/\/api.w.org\/{rel}","templated":true}]}}